{"id":1157,"date":"2024-02-14T11:32:22","date_gmt":"2024-02-14T09:32:22","guid":{"rendered":"https:\/\/hedasen.fi\/?page_id=1157"},"modified":"2024-02-14T11:32:22","modified_gmt":"2024-02-14T09:32:22","slug":"integritetspolicy","status":"publish","type":"page","link":"https:\/\/hedasen.fi\/sv\/integritetspolicy\/","title":{"rendered":"Integritetspolicy"},"content":{"rendered":"<h3>Privacy Policy och anv\u00e4ndning av cookies p\u00e5 hedasen.fi<\/h3>\n<p>Vi anv\u00e4nder cookies p\u00e5 hedasen.fi<\/p>\n<p>En cookie \u00e4r en liten textfil som sparas i din dator n\u00e4r du bes\u00f6ker en webbplats som anv\u00e4nder cookies. N\u00e4sta g\u00e5ng du bes\u00f6ker samma webbplats kan den l\u00e4sa din cookie och visa sidorna enligt dina inst\u00e4llningar.<\/p>\n<p>V\u00e5r webbplats anv\u00e4nder ibland cookies och d\u00e5 enbart f\u00f6r att g\u00f6ra det l\u00e4ttare f\u00f6r dig att anv\u00e4nda v\u00e5ra sidor. Webbplatsen anv\u00e4nder Google Analytics f\u00f6r att t.ex samla bes\u00f6karstatistik. Genom statistiken kan man inte identifiera en enda anv\u00e4ndare d\u00e5 datan lagras anonymt.<\/p>\n<p>Om du inte accepterar att det sparas cookies i din dator kan du \u00e4ndra inst\u00e4llningarna i din webbl\u00e4sare (Internet Explorer, Netscape, Opera m fl) s\u00e5 att den inte sparar cookies.<\/p>\n<p>Du kan l\u00e4sa mer om cookies p\u00e5 Kommunikationsverkets sidor: <a href=\"https:\/\/www.viestintavirasto.fi\/sv\/cybersakerhet\/informationssakerhetsanvisningar\/trygganvandningavtjanster\/kakor.html\" target=\"_blank\" rel=\"noopener\">https:\/\/www.viestintavirasto.fi\/sv\/cybersakerhet\/informationssakerhetsanvisningar\/trygganvandningavtjanster\/kakor.html<\/a><\/p>\n<p>L\u00e4s mer hur Google anv\u00e4nder cookies: <a href=\"http:\/\/www.google.fi\/policies\/privacy\/partners\/\" target=\"_blank\" rel=\"noopener\">www.google.fi\/policies\/privacy\/partners\/<\/a><\/p>\n<p>Tillbaka till <a href=\"https:\/\/hedasen.fi\/sv\">framsidan.<\/a><\/p>\n","protected":false},"excerpt":{"rendered":"<p>Privacy Policy och anv\u00e4ndning av cookies p\u00e5 hedasen.fi Vi anv\u00e4nder cookies p\u00e5 hedasen.fi En cookie \u00e4r en liten textfil som sparas i din dator n\u00e4r du bes\u00f6ker en webbplats som anv\u00e4nder cookies. N\u00e4sta g\u00e5ng du bes\u00f6ker samma webbplats kan den l\u00e4sa din cookie och visa sidorna enligt dina inst\u00e4llningar. V\u00e5r webbplats anv\u00e4nder ibland cookies och [&hellip;]<\/p>\n","protected":false},"author":1,"featured_media":0,"parent":0,"menu_order":0,"comment_status":"closed","ping_status":"closed","template":"","meta":{"footnotes":""},"yoast_head":"<!-- This site is optimized with the Yoast SEO plugin v23.5 - https:\/\/yoast.com\/wordpress\/plugins\/seo\/ -->\n<title>Integritetspolicy |<\/title>\n<meta name=\"robots\" content=\"index, follow, max-snippet:-1, max-image-preview:large, max-video-preview:-1\" \/>\n<link rel=\"canonical\" href=\"https:\/\/hedasen.fi\/integritetspolicy\/\" \/>\n<meta property=\"og:locale\" content=\"sv_SE\" \/>\n<meta property=\"og:type\" content=\"article\" \/>\n<meta property=\"og:title\" content=\"Integritetspolicy |\" \/>\n<meta property=\"og:description\" content=\"Privacy Policy och anv\u00e4ndning av cookies p\u00e5 hedasen.fi Vi anv\u00e4nder cookies p\u00e5 hedasen.fi En cookie \u00e4r en liten textfil som sparas i din dator n\u00e4r du bes\u00f6ker en webbplats som anv\u00e4nder cookies. N\u00e4sta g\u00e5ng du bes\u00f6ker samma webbplats kan den l\u00e4sa din cookie och visa sidorna enligt dina inst\u00e4llningar. V\u00e5r webbplats anv\u00e4nder ibland cookies och [&hellip;]\" \/>\n<meta property=\"og:url\" content=\"https:\/\/hedasen.fi\/integritetspolicy\/\" \/>\n<meta property=\"article:publisher\" content=\"https:\/\/www.facebook.com\/Hed%c3%a5sen-271421452930055\/\" \/>\n<meta name=\"twitter:card\" content=\"summary_large_image\" \/>\n<meta name=\"twitter:label1\" content=\"Ber\u00e4knad l\u00e4stid\" \/>\n\t<meta name=\"twitter:data1\" content=\"1 minut\" \/>\n<script type=\"application\/ld+json\" class=\"yoast-schema-graph\">{\"@context\":\"https:\/\/schema.org\",\"@graph\":[{\"@type\":\"WebPage\",\"@id\":\"https:\/\/hedasen.fi\/integritetspolicy\/\",\"url\":\"https:\/\/hedasen.fi\/integritetspolicy\/\",\"name\":\"Integritetspolicy |\",\"isPartOf\":{\"@id\":\"https:\/\/hedasen.fi\/#website\"},\"datePublished\":\"2024-02-14T09:32:22+00:00\",\"dateModified\":\"2024-02-14T09:32:22+00:00\",\"breadcrumb\":{\"@id\":\"https:\/\/hedasen.fi\/integritetspolicy\/#breadcrumb\"},\"inLanguage\":\"sv-SE\",\"potentialAction\":[{\"@type\":\"ReadAction\",\"target\":[\"https:\/\/hedasen.fi\/integritetspolicy\/\"]}]},{\"@type\":\"BreadcrumbList\",\"@id\":\"https:\/\/hedasen.fi\/integritetspolicy\/#breadcrumb\",\"itemListElement\":[{\"@type\":\"ListItem\",\"position\":1,\"name\":\"Home\",\"item\":\"https:\/\/hedasen.fi\/fi\/etusivu-hedasen-2\/\"},{\"@type\":\"ListItem\",\"position\":2,\"name\":\"Integritetspolicy\"}]},{\"@type\":\"WebSite\",\"@id\":\"https:\/\/hedasen.fi\/#website\",\"url\":\"https:\/\/hedasen.fi\/\",\"name\":\"\",\"description\":\"\",\"potentialAction\":[{\"@type\":\"SearchAction\",\"target\":{\"@type\":\"EntryPoint\",\"urlTemplate\":\"https:\/\/hedasen.fi\/?s={search_term_string}\"},\"query-input\":{\"@type\":\"PropertyValueSpecification\",\"valueRequired\":true,\"valueName\":\"search_term_string\"}}],\"inLanguage\":\"sv-SE\"}]}<\/script>\n<!-- \/ Yoast SEO plugin. -->","yoast_head_json":{"title":"Integritetspolicy |","robots":{"index":"index","follow":"follow","max-snippet":"max-snippet:-1","max-image-preview":"max-image-preview:large","max-video-preview":"max-video-preview:-1"},"canonical":"https:\/\/hedasen.fi\/integritetspolicy\/","og_locale":"sv_SE","og_type":"article","og_title":"Integritetspolicy |","og_description":"Privacy Policy och anv\u00e4ndning av cookies p\u00e5 hedasen.fi Vi anv\u00e4nder cookies p\u00e5 hedasen.fi En cookie \u00e4r en liten textfil som sparas i din dator n\u00e4r du bes\u00f6ker en webbplats som anv\u00e4nder cookies. N\u00e4sta g\u00e5ng du bes\u00f6ker samma webbplats kan den l\u00e4sa din cookie och visa sidorna enligt dina inst\u00e4llningar. V\u00e5r webbplats anv\u00e4nder ibland cookies och [&hellip;]","og_url":"https:\/\/hedasen.fi\/integritetspolicy\/","article_publisher":"https:\/\/www.facebook.com\/Hed%c3%a5sen-271421452930055\/","twitter_card":"summary_large_image","twitter_misc":{"Ber\u00e4knad l\u00e4stid":"1 minut"},"schema":{"@context":"https:\/\/schema.org","@graph":[{"@type":"WebPage","@id":"https:\/\/hedasen.fi\/integritetspolicy\/","url":"https:\/\/hedasen.fi\/integritetspolicy\/","name":"Integritetspolicy |","isPartOf":{"@id":"https:\/\/hedasen.fi\/#website"},"datePublished":"2024-02-14T09:32:22+00:00","dateModified":"2024-02-14T09:32:22+00:00","breadcrumb":{"@id":"https:\/\/hedasen.fi\/integritetspolicy\/#breadcrumb"},"inLanguage":"sv-SE","potentialAction":[{"@type":"ReadAction","target":["https:\/\/hedasen.fi\/integritetspolicy\/"]}]},{"@type":"BreadcrumbList","@id":"https:\/\/hedasen.fi\/integritetspolicy\/#breadcrumb","itemListElement":[{"@type":"ListItem","position":1,"name":"Home","item":"https:\/\/hedasen.fi\/fi\/etusivu-hedasen-2\/"},{"@type":"ListItem","position":2,"name":"Integritetspolicy"}]},{"@type":"WebSite","@id":"https:\/\/hedasen.fi\/#website","url":"https:\/\/hedasen.fi\/","name":"","description":"","potentialAction":[{"@type":"SearchAction","target":{"@type":"EntryPoint","urlTemplate":"https:\/\/hedasen.fi\/?s={search_term_string}"},"query-input":{"@type":"PropertyValueSpecification","valueRequired":true,"valueName":"search_term_string"}}],"inLanguage":"sv-SE"}]}},"_links":{"self":[{"href":"https:\/\/hedasen.fi\/sv\/wp-json\/wp\/v2\/pages\/1157"}],"collection":[{"href":"https:\/\/hedasen.fi\/sv\/wp-json\/wp\/v2\/pages"}],"about":[{"href":"https:\/\/hedasen.fi\/sv\/wp-json\/wp\/v2\/types\/page"}],"author":[{"embeddable":true,"href":"https:\/\/hedasen.fi\/sv\/wp-json\/wp\/v2\/users\/1"}],"replies":[{"embeddable":true,"href":"https:\/\/hedasen.fi\/sv\/wp-json\/wp\/v2\/comments?post=1157"}],"version-history":[{"count":1,"href":"https:\/\/hedasen.fi\/sv\/wp-json\/wp\/v2\/pages\/1157\/revisions"}],"predecessor-version":[{"id":1158,"href":"https:\/\/hedasen.fi\/sv\/wp-json\/wp\/v2\/pages\/1157\/revisions\/1158"}],"wp:attachment":[{"href":"https:\/\/hedasen.fi\/sv\/wp-json\/wp\/v2\/media?parent=1157"}],"curies":[{"name":"wp","href":"https:\/\/api.w.org\/{rel}","templated":true}]}}